{"id":228,"date":"2022-08-08T11:21:37","date_gmt":"2022-08-08T11:21:37","guid":{"rendered":"https:\/\/www.fitrading.fi\/?page_id=228"},"modified":"2022-08-08T11:23:30","modified_gmt":"2022-08-08T11:23:30","slug":"kuinka-aloittaa-vienti-ulkomaille%ef%bf%bc","status":"publish","type":"page","link":"https:\/\/www.fitrading.fi\/ar\/kuinka-aloittaa-vienti-ulkomaille%ef%bf%bc\/","title":{"rendered":"KUINKA ALOITTAA VIENTI ULKOMAILLE?\ufffc"},"content":{"rendered":"\t\t<div data-elementor-type=\"wp-page\" data-elementor-id=\"228\" class=\"elementor elementor-228\">\n\t\t\t\t\t\t\t\t\t<section class=\"elementor-section elementor-top-section elementor-element elementor-element-4738de1b elementor-section-content-middle envato-kit-141-top-0 elementor-section-boxed elementor-section-height-default elementor-section-height-default\" data-id=\"4738de1b\" data-element_type=\"section\" data-settings=\"{&quot;background_background&quot;:&quot;classic&quot;}\">\n\t\t\t\t\t\t\t<div class=\"elementor-background-overlay\"><\/div>\n\t\t\t\t\t\t\t<div class=\"elementor-container elementor-column-gap-wide\">\n\t\t\t\t\t<div class=\"elementor-column elementor-col-100 elementor-top-column elementor-element elementor-element-2bc30071\" data-id=\"2bc30071\" data-element_type=\"column\">\n\t\t\t<div class=\"elementor-widget-wrap elementor-element-populated\">\n\t\t\t\t\t\t\t\t<div class=\"elementor-element elementor-element-53ac3acf elementor-invisible elementor-widget elementor-widget-heading\" data-id=\"53ac3acf\" data-element_type=\"widget\" data-settings=\"{&quot;_animation&quot;:&quot;fadeIn&quot;,&quot;_animation_delay&quot;:100}\" data-widget_type=\"heading.default\">\n\t\t\t\t<div class=\"elementor-widget-container\">\n\t\t\t<style>\/*! elementor - v3.8.1 - 13-11-2022 *\/\n.elementor-heading-title{padding:0;margin:0;line-height:1}.elementor-widget-heading .elementor-heading-title[class*=elementor-size-]>a{color:inherit;font-size:inherit;line-height:inherit}.elementor-widget-heading .elementor-heading-title.elementor-size-small{font-size:15px}.elementor-widget-heading .elementor-heading-title.elementor-size-medium{font-size:19px}.elementor-widget-heading .elementor-heading-title.elementor-size-large{font-size:29px}.elementor-widget-heading .elementor-heading-title.elementor-size-xl{font-size:39px}.elementor-widget-heading .elementor-heading-title.elementor-size-xxl{font-size:59px}<\/style><h2 class=\"elementor-heading-title elementor-size-default\">KUINKA ALOITTAA VIENTI ULKOMAILLE?<\/h2>\t\t<\/div>\n\t\t\t\t<\/div>\n\t\t\t\t<div class=\"elementor-element elementor-element-16c74ec6 elementor-widget-divider--view-line elementor-invisible elementor-widget elementor-widget-divider\" data-id=\"16c74ec6\" data-element_type=\"widget\" data-settings=\"{&quot;_animation&quot;:&quot;fadeIn&quot;,&quot;_animation_delay&quot;:300}\" data-widget_type=\"divider.default\">\n\t\t\t\t<div class=\"elementor-widget-container\">\n\t\t\t<style>\/*! elementor - v3.8.1 - 13-11-2022 *\/\n.elementor-widget-divider{--divider-border-style:none;--divider-border-width:1px;--divider-color:#2c2c2c;--divider-icon-size:20px;--divider-element-spacing:10px;--divider-pattern-height:24px;--divider-pattern-size:20px;--divider-pattern-url:none;--divider-pattern-repeat:repeat-x}.elementor-widget-divider .elementor-divider{display:-webkit-box;display:-ms-flexbox;display:flex}.elementor-widget-divider .elementor-divider__text{font-size:15px;line-height:1;max-width:95%}.elementor-widget-divider .elementor-divider__element{margin:0 var(--divider-element-spacing);-ms-flex-negative:0;flex-shrink:0}.elementor-widget-divider .elementor-icon{font-size:var(--divider-icon-size)}.elementor-widget-divider .elementor-divider-separator{display:-webkit-box;display:-ms-flexbox;display:flex;margin:0;direction:ltr}.elementor-widget-divider--view-line_icon .elementor-divider-separator,.elementor-widget-divider--view-line_text .elementor-divider-separator{-webkit-box-align:center;-ms-flex-align:center;align-items:center}.elementor-widget-divider--view-line_icon .elementor-divider-separator:after,.elementor-widget-divider--view-line_icon .elementor-divider-separator:before,.elementor-widget-divider--view-line_text .elementor-divider-separator:after,.elementor-widget-divider--view-line_text .elementor-divider-separator:before{display:block;content:\"\";border-bottom:0;-webkit-box-flex:1;-ms-flex-positive:1;flex-grow:1;border-top:var(--divider-border-width) var(--divider-border-style) var(--divider-color)}.elementor-widget-divider--element-align-left .elementor-divider .elementor-divider-separator>.elementor-divider__svg:first-of-type{-webkit-box-flex:0;-ms-flex-positive:0;flex-grow:0;-ms-flex-negative:100;flex-shrink:100}.elementor-widget-divider--element-align-left .elementor-divider-separator:before{content:none}.elementor-widget-divider--element-align-left .elementor-divider__element{margin-left:0}.elementor-widget-divider--element-align-right .elementor-divider .elementor-divider-separator>.elementor-divider__svg:last-of-type{-webkit-box-flex:0;-ms-flex-positive:0;flex-grow:0;-ms-flex-negative:100;flex-shrink:100}.elementor-widget-divider--element-align-right .elementor-divider-separator:after{content:none}.elementor-widget-divider--element-align-right .elementor-divider__element{margin-right:0}.elementor-widget-divider:not(.elementor-widget-divider--view-line_text):not(.elementor-widget-divider--view-line_icon) .elementor-divider-separator{border-top:var(--divider-border-width) var(--divider-border-style) var(--divider-color)}.elementor-widget-divider--separator-type-pattern{--divider-border-style:none}.elementor-widget-divider--separator-type-pattern.elementor-widget-divider--view-line .elementor-divider-separator,.elementor-widget-divider--separator-type-pattern:not(.elementor-widget-divider--view-line) .elementor-divider-separator:after,.elementor-widget-divider--separator-type-pattern:not(.elementor-widget-divider--view-line) .elementor-divider-separator:before,.elementor-widget-divider--separator-type-pattern:not([class*=elementor-widget-divider--view]) .elementor-divider-separator{width:100%;min-height:var(--divider-pattern-height);-webkit-mask-size:var(--divider-pattern-size) 100%;mask-size:var(--divider-pattern-size) 100%;-webkit-mask-repeat:var(--divider-pattern-repeat);mask-repeat:var(--divider-pattern-repeat);background-color:var(--divider-color);-webkit-mask-image:var(--divider-pattern-url);mask-image:var(--divider-pattern-url)}.elementor-widget-divider--no-spacing{--divider-pattern-size:auto}.elementor-widget-divider--bg-round{--divider-pattern-repeat:round}.rtl .elementor-widget-divider .elementor-divider__text{direction:rtl}.e-con-inner>.elementor-widget-divider,.e-con>.elementor-widget-divider{width:var(--container-widget-width,100%)}<\/style>\t\t<div class=\"elementor-divider\">\n\t\t\t<span class=\"elementor-divider-separator\">\n\t\t\t\t\t\t<\/span>\n\t\t<\/div>\n\t\t\t\t<\/div>\n\t\t\t\t<\/div>\n\t\t\t\t<section class=\"elementor-section elementor-inner-section elementor-element elementor-element-35fc76d5 elementor-section-boxed elementor-section-height-default elementor-section-height-default\" data-id=\"35fc76d5\" data-element_type=\"section\">\n\t\t\t\t\t\t<div class=\"elementor-container elementor-column-gap-no\">\n\t\t\t\t\t<div class=\"elementor-column elementor-col-100 elementor-inner-column elementor-element elementor-element-327d72e7\" data-id=\"327d72e7\" data-element_type=\"column\">\n\t\t\t<div class=\"elementor-widget-wrap elementor-element-populated\">\n\t\t\t\t\t\t\t\t<div class=\"elementor-element elementor-element-f308563 elementor-widget elementor-widget-spacer\" data-id=\"f308563\" data-element_type=\"widget\" data-widget_type=\"spacer.default\">\n\t\t\t\t<div class=\"elementor-widget-container\">\n\t\t\t<style>\/*! elementor - v3.8.1 - 13-11-2022 *\/\n.elementor-column .elementor-spacer-inner{height:var(--spacer-size)}.e-con{--container-widget-width:100%}.e-con-inner>.elementor-widget-spacer,.e-con>.elementor-widget-spacer{width:var(--container-widget-width,var(--spacer-size));-ms-flex-item-align:stretch;align-self:stretch;-ms-flex-negative:0;flex-shrink:0}.e-con-inner>.elementor-widget-spacer>.elementor-widget-container,.e-con-inner>.elementor-widget-spacer>.elementor-widget-container>.elementor-spacer,.e-con>.elementor-widget-spacer>.elementor-widget-container,.e-con>.elementor-widget-spacer>.elementor-widget-container>.elementor-spacer{height:100%}.e-con-inner>.elementor-widget-spacer>.elementor-widget-container>.elementor-spacer>.elementor-spacer-inner,.e-con>.elementor-widget-spacer>.elementor-widget-container>.elementor-spacer>.elementor-spacer-inner{height:var(--container-widget-height,var(--spacer-size))}<\/style>\t\t<div class=\"elementor-spacer\">\n\t\t\t<div class=\"elementor-spacer-inner\"><\/div>\n\t\t<\/div>\n\t\t\t\t<\/div>\n\t\t\t\t<\/div>\n\t\t\t\t<div class=\"elementor-element elementor-element-501c1e8b elementor-widget elementor-widget-heading\" data-id=\"501c1e8b\" data-element_type=\"widget\" data-widget_type=\"heading.default\">\n\t\t\t\t<div class=\"elementor-widget-container\">\n\t\t\t<h2 class=\"elementor-heading-title elementor-size-default\">Oletko kiinnostunut tuonti-\/vientiyrityksen aloittamisesta?<\/h2>\t\t<\/div>\n\t\t\t\t<\/div>\n\t\t\t\t<div class=\"elementor-element elementor-element-789c1f6e elementor-widget elementor-widget-text-editor\" data-id=\"789c1f6e\" data-element_type=\"widget\" data-widget_type=\"text-editor.default\">\n\t\t\t\t<div class=\"elementor-widget-container\">\n\t\t\t<style>\/*! elementor - v3.8.1 - 13-11-2022 *\/\n.elementor-widget-text-editor.elementor-drop-cap-view-stacked .elementor-drop-cap{background-color:#818a91;color:#fff}.elementor-widget-text-editor.elementor-drop-cap-view-framed .elementor-drop-cap{color:#818a91;border:3px solid;background-color:transparent}.elementor-widget-text-editor:not(.elementor-drop-cap-view-default) .elementor-drop-cap{margin-top:8px}.elementor-widget-text-editor:not(.elementor-drop-cap-view-default) .elementor-drop-cap-letter{width:1em;height:1em}.elementor-widget-text-editor .elementor-drop-cap{float:left;text-align:center;line-height:1;font-size:50px}.elementor-widget-text-editor .elementor-drop-cap-letter{display:inline-block}<\/style>\t\t\t\t<p>1. Laita yrityksesi perusasiat kuntoon<\/p><p>Jokaisen, joka aloittaa yrityksen 2000-luvulla, t\u00e4ytyy kattaa tietyt perusteet, kuten verkkosivuston luominen sek\u00e4 sosiaalisen median kanavat, kuten Facebook, Twitter ja monet muut.<\/p><p>\u00a0<\/p><p>Joten t\u00e4ss\u00e4 on ensimm\u00e4inen askeleesi: saat perusasiat kuntoon. T\u00e4m\u00e4 tarkoittaa yrityksesi rekister\u00f6inti\u00e4, verkkotunnuksen rekister\u00f6inti\u00e4, lailliseen toimintaan tarvittavien liiketoimintalupien hankkimista ja niin edelleen.<\/p><p>\u00a0<\/p><p>Tarvitset my\u00f6s liiketoimintasuunnitelman. Osa t\u00e4st\u00e4 liiketoimintasuunnitelmasta on katettava, kuinka k\u00e4sitell\u00e4 s\u00e4\u00e4nt\u00f6j\u00e4 ja m\u00e4\u00e4r\u00e4yksi\u00e4 niill\u00e4 markkinoilla, joilla haluat ty\u00f6skennell\u00e4. Esimerkiksi alkoholin ja tupakkatuotteiden tuomiseksi. Vastaavaa tutkimusta on teht\u00e4v\u00e4, kun tehd\u00e4\u00e4n liiketoimintaa muiden maiden kanssa, ottaen huomioon kaikki erilaiset lakis\u00e4\u00e4teiset vaatimukset kussakin maassa.<\/p><p>\u00a0<\/p><p>2. Valitse tuotava tai viet\u00e4v\u00e4 tuote<\/p><p>Seuraava askel maahantuonti-\/vientiyrityksen aloittamisessa on l\u00f6yt\u00e4\u00e4 tuote tai toimiala, josta olet intohimoinen ja jonka uskot myyv\u00e4n kansainv\u00e4lisill\u00e4 markkinoilla.<\/p><p>Kun olet l\u00f6yt\u00e4nyt tuotteesi, sinun on my\u00f6s l\u00f6ydett\u00e4v\u00e4 sille oikeat markkinat. Loppujen lopuksi tarvitset jonkun, jolle se myyd\u00e4\u00e4n. T\u00e4ss\u00e4 tulee esiin trendien havaitsemistaitosi. Parhaat tuotteet tuonti-\/vientiyritykselle ovat tuotteet, jotka ovat juuri alkamassa tulla suosituiksi tai lupaavat tulla sellaisiksi tulevaisuudessa<\/p><p>\u00a0<\/p><p>3. Hanki toimittajasi<\/p><p>Kun sinulla on tuote, jota haluat myyd\u00e4 kansainv\u00e4lisesti, sinun on l\u00f6ydett\u00e4v\u00e4 paikallinen valmistaja tai muu tuottaja, joka valmistaa tuotteesi ja voi johtaa vahvaan kumppanuuteen. Hyv\u00e4t suhteet toimittajaan ovat ratkaisevan t\u00e4rkeit\u00e4 pitk\u00e4n aikav\u00e4lin menestykselle tuonti-\/vientiliiketoiminnassa.<\/p><p>\u00a0<\/p><p>4. Hinnoittele tuotteesi<\/p><p>Tied\u00e4t mink\u00e4 tuotteen kanssa haluat ty\u00f6skennell\u00e4 ja olet tunnistanut kohdemarkkinasi. Seuraavaksi selvitet\u00e4\u00e4n, kuinka paljon veloitetaan.<\/p><p>\u00a0<\/p><p>Tavallisesti tuonti-\/vientiliiketoiminnan liiketoimintamalli sis\u00e4lt\u00e4\u00e4 kaksi keskeist\u00e4 ymm\u00e4rryst\u00e4: myytyjen yksik\u00f6iden m\u00e4\u00e4r\u00e4 ja kyseisest\u00e4 m\u00e4\u00e4r\u00e4st\u00e4 maksettava provisio.<\/p><p>\u00a0<\/p><p>5. L\u00f6yd\u00e4 asiakkaasi<\/p><p>Markkinoista p\u00e4\u00e4tt\u00e4minen ei ole sama asia kuin asiakkaiden l\u00f6yt\u00e4minen. Et voi vain l\u00e4hett\u00e4\u00e4 tuotteitasi New Yorkin satamaan ja alkaa myyd\u00e4 tuotteitasi telakoilla kaikille, jotka k\u00e4velev\u00e4t ohi. Yleens\u00e4 sinun on l\u00f6ydett\u00e4v\u00e4 jakelijoita ja asiakkaita, jotka ottavat tuotteesi ja myyv\u00e4t sit\u00e4 muille.<\/p><p>\u00a0<\/p><p>6. Logistiikka kuntoon<\/p><p>Globaalin huolitsijan palkkaaminen on yleens\u00e4 hyv\u00e4 idea kaikille tuonti-\/vientiyrityksille, koska he toimivat kuljetusagenttina rahdin siirt\u00e4misess\u00e4 \u2013 s\u00e4\u00e4st\u00e4t paljon aikaa ja huolehdit tuotteiden saamisesta tehtaalta varastoon. Pohjimmiltaan annat heille tietoja yrityksest\u00e4si ja aikeistasi tuotteen suhteen, ja he j\u00e4rjest\u00e4v\u00e4t toimitussopimukset, vakuutukset ja usein lisenssit, luvat, tariffit ja kiinti\u00f6t ty\u00f6skentelyyn toisessa maassa. T\u00e4m\u00e4 voi poistaa paljon p\u00e4\u00e4ns\u00e4rky\u00e4, joka liittyy tuonti-\/vientitoiminnan aloittamiseen kansainv\u00e4lisen kaupan markkinoilla.<\/p><div>\u00a0<\/div>\t\t\t\t\t\t<\/div>\n\t\t\t\t<\/div>\n\t\t\t\t\t<\/div>\n\t\t<\/div>\n\t\t\t\t\t\t\t<\/div>\n\t\t<\/section>\n\t\t\t\t\t<\/div>\n\t\t<\/div>\n\t\t\t\t\t\t\t<\/div>\n\t\t<\/section>\n\t\t\t\t\t\t\t<\/div>\n\t\t","protected":false},"excerpt":{"rendered":"<p>KUINKA ALOITTAA VIENTI ULKOMAILLE? Oletko kiinnostunut tuonti-\/vientiyrityksen aloittamisesta? 1. Laita yrityksesi perusasiat kuntoon Jokaisen, joka aloittaa yrityksen 2000-luvulla, t\u00e4ytyy kattaa tietyt perusteet, kuten verkkosivuston luominen sek\u00e4 sosiaalisen median kanavat, kuten Facebook, Twitter ja monet muut. \u00a0 Joten t\u00e4ss\u00e4 on ensimm\u00e4inen askeleesi: saat perusasiat kuntoon. T\u00e4m\u00e4 tarkoittaa yrityksesi rekister\u00f6inti\u00e4, verkkotunnuksen rekister\u00f6inti\u00e4, lailliseen toimintaan tarvittavien liiketoimintalupien hankkimista [&hellip;]<\/p>\n","protected":false},"author":1,"featured_media":0,"parent":0,"menu_order":0,"comment_status":"closed","ping_status":"closed","template":"","meta":{"site-sidebar-layout":"no-sidebar","site-content-layout":"page-builder","ast-site-content-layout":"default","site-content-style":"default","site-sidebar-style":"default","ast-global-header-display":"","ast-banner-title-visibility":"","ast-main-header-display":"","ast-hfb-above-header-display":"","ast-hfb-below-header-display":"","ast-hfb-mobile-header-display":"","site-post-title":"disabled","ast-breadcrumbs-content":"","ast-featured-img":"disabled","footer-sml-layout":"","ast-disable-related-posts":"","theme-transparent-header-meta":"","adv-header-id-meta":"","stick-header-meta":"","header-above-stick-meta":"","header-main-stick-meta":"","header-below-stick-meta":"","astra-migrate-meta-layouts":"default","ast-page-background-enabled":"default","ast-page-background-meta":{"desktop":{"background-color":"var(--ast-global-color-4)","background-image":"","background-repeat":"repeat","background-position":"center center","background-size":"auto","background-attachment":"scroll","background-type":"","background-media":"","overlay-type":"","overlay-color":"","overlay-opacity":"","overlay-gradient":""},"tablet":{"background-color":"","background-image":"","background-repeat":"repeat","background-position":"center center","background-size":"auto","background-attachment":"scroll","background-type":"","background-media":"","overlay-type":"","overlay-color":"","overlay-opacity":"","overlay-gradient":""},"mobile":{"background-color":"","background-image":"","background-repeat":"repeat","background-position":"center center","background-size":"auto","background-attachment":"scroll","background-type":"","background-media":"","overlay-type":"","overlay-color":"","overlay-opacity":"","overlay-gradient":""}},"ast-content-background-meta":{"desktop":{"background-color":"var(--ast-global-color-5)","background-image":"","background-repeat":"repeat","background-position":"center center","background-size":"auto","background-attachment":"scroll","background-type":"","background-media":"","overlay-type":"","overlay-color":"","overlay-opacity":"","overlay-gradient":""},"tablet":{"background-color":"var(--ast-global-color-5)","background-image":"","background-repeat":"repeat","background-position":"center center","background-size":"auto","background-attachment":"scroll","background-type":"","background-media":"","overlay-type":"","overlay-color":"","overlay-opacity":"","overlay-gradient":""},"mobile":{"background-color":"var(--ast-global-color-5)","background-image":"","background-repeat":"repeat","background-position":"center center","background-size":"auto","background-attachment":"scroll","background-type":"","background-media":"","overlay-type":"","overlay-color":"","overlay-opacity":"","overlay-gradient":""}},"footnotes":""},"class_list":["post-228","page","type-page","status-publish","hentry"],"translation":{"provider":"WPGlobus","version":"3.0.2","language":"ar","enabled_languages":["fi","en","ar"],"languages":{"fi":{"title":true,"content":true,"excerpt":false},"en":{"title":false,"content":false,"excerpt":false},"ar":{"title":false,"content":false,"excerpt":false}}},"_links":{"self":[{"href":"https:\/\/www.fitrading.fi\/ar\/wp-json\/wp\/v2\/pages\/228","targetHints":{"allow":["GET"]}}],"collection":[{"href":"https:\/\/www.fitrading.fi\/ar\/wp-json\/wp\/v2\/pages"}],"about":[{"href":"https:\/\/www.fitrading.fi\/ar\/wp-json\/wp\/v2\/types\/page"}],"author":[{"embeddable":true,"href":"https:\/\/www.fitrading.fi\/ar\/wp-json\/wp\/v2\/users\/1"}],"replies":[{"embeddable":true,"href":"https:\/\/www.fitrading.fi\/ar\/wp-json\/wp\/v2\/comments?post=228"}],"version-history":[{"count":5,"href":"https:\/\/www.fitrading.fi\/ar\/wp-json\/wp\/v2\/pages\/228\/revisions"}],"predecessor-version":[{"id":237,"href":"https:\/\/www.fitrading.fi\/ar\/wp-json\/wp\/v2\/pages\/228\/revisions\/237"}],"wp:attachment":[{"href":"https:\/\/www.fitrading.fi\/ar\/wp-json\/wp\/v2\/media?parent=228"}],"curies":[{"name":"wp","href":"https:\/\/api.w.org\/{rel}","templated":true}]}}